{"id":186,"date":"2020-11-09T10:37:21","date_gmt":"2020-11-09T10:37:21","guid":{"rendered":"https:\/\/aquarellchen.de\/?page_id=186"},"modified":"2024-12-02T15:08:41","modified_gmt":"2024-12-02T15:08:41","slug":"startseite","status":"publish","type":"page","link":"https:\/\/aquarellchen.de\/","title":{"rendered":"Startseite"},"content":{"rendered":"\n<div class=\"wp-block-cover alignfull is-light aqua_start_text\" style=\"min-height:700px;aspect-ratio:unset;\"><span aria-hidden=\"true\" class=\"wp-block-cover__background has-background-dim-0 has-background-dim\"><\/span><img loading=\"lazy\" decoding=\"async\" width=\"2000\" height=\"1333\" class=\"wp-block-cover__image-background wp-image-199\" alt=\"\" src=\"https:\/\/aquarellchen.de\/wp-content\/uploads\/2020\/11\/papier_1.jpg\" data-object-fit=\"cover\" srcset=\"https:\/\/aquarellchen.de\/wp-content\/uploads\/2020\/11\/papier_1.jpg 2000w, https:\/\/aquarellchen.de\/wp-content\/uploads\/2020\/11\/papier_1-300x200.jpg 300w, https:\/\/aquarellchen.de\/wp-content\/uploads\/2020\/11\/papier_1-1024x682.jpg 1024w, https:\/\/aquarellchen.de\/wp-content\/uploads\/2020\/11\/papier_1-768x512.jpg 768w, https:\/\/aquarellchen.de\/wp-content\/uploads\/2020\/11\/papier_1-1536x1024.jpg 1536w, https:\/\/aquarellchen.de\/wp-content\/uploads\/2020\/11\/papier_1-930x620.jpg 930w, https:\/\/aquarellchen.de\/wp-content\/uploads\/2020\/11\/papier_1-600x400.jpg 600w\" sizes=\"auto, (max-width: 2000px) 100vw, 2000px\" \/><div class=\"wp-block-cover__inner-container is-layout-flow wp-block-cover-is-layout-flow\">\n<div class=\"wp-block-buttons is-content-justification-center is-layout-flex wp-container-core-buttons-is-layout-1 wp-block-buttons-is-layout-flex\">\n<div class=\"wp-block-button is-style-primary\"><a class=\"wp-block-button__link wp-element-button\" href=\"https:\/\/www.etsy.com\/de\/shop\/Aquarellchen?ref=seller-platform-mcnav\" target=\"_blank\" rel=\"noreferrer noopener\">Familienportr\u00e4ts<\/a><\/div>\n<\/div>\n\n\n\n<p class=\"has-text-align-center has-neve-text-color-color has-text-color\">liebevoll \u00b0 personalisiert \u00b0 hochwertig<\/p>\n<\/div><\/div>\n\n\n\n<p><\/p>\n\n\n\n<div class=\"wp-block-cover alignfull is-light is-repeated aqua_start_text aqua_mobile_portf\" style=\"min-height:416px;aspect-ratio:unset;\"><span aria-hidden=\"true\" class=\"wp-block-cover__background has-background-dim-0 has-background-dim\" style=\"background-color:#c8bebb\"><\/span><div class=\"wp-block-cover__image-background wp-image-821 is-repeated\" style=\"background-position:49% 50%;background-image:url(https:\/\/aquarellchen.de\/wp-content\/uploads\/2024\/12\/isbl_3360x840.51732852_7b3turmj-scaled.jpg)\"><\/div><div class=\"wp-block-cover__inner-container is-layout-flow wp-block-cover-is-layout-flow\">\n<p><\/p>\n<\/div><\/div>\n\n\n\n<div style=\"height:20px\" aria-hidden=\"true\" class=\"wp-block-spacer\"><\/div>\n\n\n\n<div class=\"wp-block-columns alignfull aqua_title_zweispaltig is-layout-flex wp-container-core-columns-is-layout-1 wp-block-columns-is-layout-flex\">\n<div class=\"wp-block-column is-layout-flow wp-block-column-is-layout-flow\"><\/div>\n\n\n\n<div class=\"wp-block-column is-layout-flow wp-block-column-is-layout-flow\"><\/div>\n<\/div>\n\n\n\n<div class=\"wp-block-media-text alignwide has-media-on-the-right is-stacked-on-mobile\" style=\"grid-template-columns:auto 31%\"><div class=\"wp-block-media-text__content\">\n<p><strong>Hallo, sch\u00f6n dass du da bist<\/strong>.<\/p>\n\n\n\n<p>Ich freue mich, meine kleine Welt rund um meine kreative Arbeit mit dir zu teilen.<\/p>\n\n\n\n<p>Mein Herz geh\u00f6rt den urspr\u00fcnglichen Dingen, wie der Sch\u00f6nheit der Natur und dem, was sie hervorbringt &#8211; eine unglaubliche Vielfalt an Sch\u00e4tzen und Lebewesen, die durch ihre Emotionen eine Verbindung miteinander eingehen und zu einer Familie werden.<\/p>\n\n\n\n<p>Ich liebe es, diese Verbindungen auf&#8217;s Papier zu bringen und freue mich darauf, wenn du es bist.<\/p>\n<\/div><figure class=\"wp-block-media-text__media\"><img loading=\"lazy\" decoding=\"async\" width=\"727\" height=\"1024\" src=\"https:\/\/aquarellchen.de\/wp-content\/uploads\/2021\/01\/index-1-727x1024.jpg\" alt=\"\" class=\"wp-image-453 size-full\" srcset=\"https:\/\/aquarellchen.de\/wp-content\/uploads\/2021\/01\/index-1-727x1024.jpg 727w, https:\/\/aquarellchen.de\/wp-content\/uploads\/2021\/01\/index-1-213x300.jpg 213w, https:\/\/aquarellchen.de\/wp-content\/uploads\/2021\/01\/index-1-768x1082.jpg 768w, https:\/\/aquarellchen.de\/wp-content\/uploads\/2021\/01\/index-1-1090x1536.jpg 1090w, https:\/\/aquarellchen.de\/wp-content\/uploads\/2021\/01\/index-1-600x845.jpg 600w, https:\/\/aquarellchen.de\/wp-content\/uploads\/2021\/01\/index-1.jpg 1096w\" sizes=\"auto, (max-width: 727px) 100vw, 727px\" \/><\/figure><\/div>\n\n\n\n<div style=\"height:100px\" aria-hidden=\"true\" class=\"wp-block-spacer\"><\/div>\n\n\n\n<div class=\"wp-block-cover alignfull is-light aqua_start_text\" style=\"min-height:700px;aspect-ratio:unset;\"><span aria-hidden=\"true\" class=\"wp-block-cover__background has-background-dim-0 has-background-dim\"><\/span><img loading=\"lazy\" decoding=\"async\" width=\"2000\" height=\"1333\" class=\"wp-block-cover__image-background wp-image-203\" alt=\"\" src=\"https:\/\/aquarellchen.de\/wp-content\/uploads\/2020\/11\/papier_4.jpg\" data-object-fit=\"cover\" srcset=\"https:\/\/aquarellchen.de\/wp-content\/uploads\/2020\/11\/papier_4.jpg 2000w, https:\/\/aquarellchen.de\/wp-content\/uploads\/2020\/11\/papier_4-300x200.jpg 300w, https:\/\/aquarellchen.de\/wp-content\/uploads\/2020\/11\/papier_4-1024x682.jpg 1024w, https:\/\/aquarellchen.de\/wp-content\/uploads\/2020\/11\/papier_4-768x512.jpg 768w, https:\/\/aquarellchen.de\/wp-content\/uploads\/2020\/11\/papier_4-1536x1024.jpg 1536w, https:\/\/aquarellchen.de\/wp-content\/uploads\/2020\/11\/papier_4-930x620.jpg 930w, https:\/\/aquarellchen.de\/wp-content\/uploads\/2020\/11\/papier_4-600x400.jpg 600w\" sizes=\"auto, (max-width: 2000px) 100vw, 2000px\" \/><div class=\"wp-block-cover__inner-container is-layout-flow wp-block-cover-is-layout-flow\"><div class=\"wp-block-image\">\n<figure class=\"aligncenter size-large is-resized\"><img loading=\"lazy\" decoding=\"async\" width=\"971\" height=\"1024\" src=\"https:\/\/aquarellchen.de\/wp-content\/uploads\/2021\/10\/amelie_blume-971x1024.png\" alt=\"\" class=\"wp-image-609\" style=\"width:316px;height:332px\" srcset=\"https:\/\/aquarellchen.de\/wp-content\/uploads\/2021\/10\/amelie_blume-971x1024.png 971w, https:\/\/aquarellchen.de\/wp-content\/uploads\/2021\/10\/amelie_blume-284x300.png 284w, https:\/\/aquarellchen.de\/wp-content\/uploads\/2021\/10\/amelie_blume-768x810.png 768w, https:\/\/aquarellchen.de\/wp-content\/uploads\/2021\/10\/amelie_blume-1456x1536.png 1456w, https:\/\/aquarellchen.de\/wp-content\/uploads\/2021\/10\/amelie_blume-1941x2048.png 1941w, https:\/\/aquarellchen.de\/wp-content\/uploads\/2021\/10\/amelie_blume-600x633.png 600w\" sizes=\"auto, (max-width: 971px) 100vw, 971px\" \/><\/figure><\/div>\n\n<p class=\"fonts-plugin-block \" style=\"font-family: Architects Daughter;font-weight: 400;font-size: 28px;line-height: 2.5;text-align: center\">&#8222;Willst du das Gl\u00fcck kennenlernen, werde so still, <br>dass du das Sich\u00f6ffnen der Bl\u00fcte h\u00f6rst.&#8220;<\/p><\/div><\/div>\n\n\n\n<div style=\"height:132px\" aria-hidden=\"true\" class=\"wp-block-spacer\"><\/div>\n\n\n<div class=\"hrf-faq-list\"><article class=\"hrf-entry\" id=\"hrf-entry-346\">\n                      <h5 class=\"hrf-title close-faq\" data-content-id=\"hrf-content-346\"><span><\/span>Wie kann ich mein pers\u00f6nliches Bild bestellen?<\/h5>\n                     <div class=\"hrf-content\" id=\"hrf-content-346\">In einfachen Schritten kannst du dein pers\u00f6nliches Familienportr\u00e4it \u00fcber meinen Shop auf <a href=\"https:\/\/www.etsy.com\/de\/shop\/Aquarellchen?ref=seller-platform-mcnav\">Etsy<\/a> bestellen.<\/div>\n                  <\/article><article class=\"hrf-entry\" id=\"hrf-entry-345\">\n                      <h5 class=\"hrf-title close-faq\" data-content-id=\"hrf-content-345\"><span><\/span>Welche Voraussetzungen muss mein Referenzfoto erf\u00fcllen?<\/h5>\n                     <div class=\"hrf-content\" id=\"hrf-content-345\"><ul>\n<li>Das Bild muss m\u00f6glichst alle Personen frontal, in guter Qualit\u00e4t und in voller Gr\u00f6\u00dfe von Kopf bis Fu\u00df zeigen.<\/li>\n<li>Bitte sende mir keine Teilfotografien oder Anschnitte.<\/li>\n<li>Bitte sende mir das Bild in Farbe, keine Schwarz\/Weiss- oder Sepia-Fotografien.<\/li>\n<\/ul>\n<\/div>\n                  <\/article><article class=\"hrf-entry\" id=\"hrf-entry-341\">\n                      <h5 class=\"hrf-title close-faq\" data-content-id=\"hrf-content-341\"><span><\/span>Wann erhalte ich mein personalisiertes Portr\u00e4t?<\/h5>\n                     <div class=\"hrf-content\" id=\"hrf-content-341\"><p>Innerhalb eines Zeitraums von 4-6 Wochen nach Eingang der Bestellung werde ich dein Bild malen und an dich versenden.<\/p>\n<\/div>\n                  <\/article><article class=\"hrf-entry\" id=\"hrf-entry-338\">\n                      <h5 class=\"hrf-title close-faq\" data-content-id=\"hrf-content-338\"><span><\/span>Ist eine R\u00fcckgabe oder ein Umtausch m\u00f6glich?<\/h5>\n                     <div class=\"hrf-content\" id=\"hrf-content-338\"><p>Nein, es handelt sich um ein individuelles Produkt, das mit h\u00f6chster Sorgfalt angefertigt wird. Das Produkt ist daher vom R\u00fcckgaberecht oder Umtausch ausgeschlossen.<\/p>\n<\/div>\n                  <\/article><article style = \"display:block;text-align:right; font-size:11px\">Powered by <a href=\"https:\/\/websitebuilderguide.com\/wp-plugins\/html5-responsive-faq-plugin-for-wordpress\/\" target=\"_blank\">HTML5 Responsive FAQ<\/a><\/article><\/div><!-- HRF v 2.8.4 -->\n\n\n\n<div style=\"height:132px\" aria-hidden=\"true\" class=\"wp-block-spacer\"><\/div>\n\n\n\n<div class=\"wp-block-columns aqua_block_column is-layout-flex wp-container-core-columns-is-layout-2 wp-block-columns-is-layout-flex\">\n<div class=\"wp-block-column aqua_block_column_single is-layout-flow wp-block-column-is-layout-flow\"><div class=\"wp-block-image aqua_img_center\">\n<figure class=\"aligncenter size-large is-resized\"><img loading=\"lazy\" decoding=\"async\" width=\"512\" height=\"512\" src=\"https:\/\/aquarellchen.de\/wp-content\/uploads\/2020\/11\/cloud-computing.png\" alt=\"\" class=\"wp-image-349\" style=\"width:256px;height:256px\" srcset=\"https:\/\/aquarellchen.de\/wp-content\/uploads\/2020\/11\/cloud-computing.png 512w, https:\/\/aquarellchen.de\/wp-content\/uploads\/2020\/11\/cloud-computing-300x300.png 300w, https:\/\/aquarellchen.de\/wp-content\/uploads\/2020\/11\/cloud-computing-150x150.png 150w, https:\/\/aquarellchen.de\/wp-content\/uploads\/2020\/11\/cloud-computing-100x100.png 100w\" sizes=\"auto, (max-width: 512px) 100vw, 512px\" \/><\/figure><\/div>\n\n\n<h3 class=\"wp-block-heading\">Schritt 1<\/h3>\n\n\n\n<p>W\u00e4hle den gew\u00fcnschten Artikel mit der Anzahl deiner Personen auf Etsy aus und f\u00fcge diesen zum Warenkorb hinzu. Lade anschlie\u00dfend dein Foto im Bestellvorgang mit hoch.<\/p>\n<\/div>\n\n\n\n<div class=\"wp-block-column aqua_block_column_single is-layout-flow wp-block-column-is-layout-flow\"><div class=\"wp-block-image aqua_img_center\">\n<figure class=\"aligncenter size-large is-resized\"><img loading=\"lazy\" decoding=\"async\" width=\"512\" height=\"512\" src=\"https:\/\/aquarellchen.de\/wp-content\/uploads\/2020\/11\/brush.png\" alt=\"\" class=\"wp-image-348\" style=\"width:256px;height:256px\" srcset=\"https:\/\/aquarellchen.de\/wp-content\/uploads\/2020\/11\/brush.png 512w, https:\/\/aquarellchen.de\/wp-content\/uploads\/2020\/11\/brush-300x300.png 300w, https:\/\/aquarellchen.de\/wp-content\/uploads\/2020\/11\/brush-150x150.png 150w, https:\/\/aquarellchen.de\/wp-content\/uploads\/2020\/11\/brush-100x100.png 100w\" sizes=\"auto, (max-width: 512px) 100vw, 512px\" \/><\/figure><\/div>\n\n\n<h3 class=\"wp-block-heading\">Schritt 2<\/h3>\n\n\n\n<p>Nach Zahlungseingang, Fotoupload und einer pers\u00f6nlichen Best\u00e4tigung von mir entsteht Leben auf dem Papier. Dein Bild wird jetzt angefertigt. <\/p>\n\n\n\n<p><\/p>\n<\/div>\n\n\n\n<div class=\"wp-block-column aqua_block_column_single is-layout-flow wp-block-column-is-layout-flow\"><div class=\"wp-block-image aqua_img_center\">\n<figure class=\"aligncenter size-large is-resized\"><img loading=\"lazy\" decoding=\"async\" width=\"512\" height=\"512\" src=\"https:\/\/aquarellchen.de\/wp-content\/uploads\/2020\/11\/love-letter.png\" alt=\"\" class=\"wp-image-350\" style=\"width:256px;height:256px\" srcset=\"https:\/\/aquarellchen.de\/wp-content\/uploads\/2020\/11\/love-letter.png 512w, https:\/\/aquarellchen.de\/wp-content\/uploads\/2020\/11\/love-letter-300x300.png 300w, https:\/\/aquarellchen.de\/wp-content\/uploads\/2020\/11\/love-letter-150x150.png 150w, https:\/\/aquarellchen.de\/wp-content\/uploads\/2020\/11\/love-letter-100x100.png 100w\" sizes=\"auto, (max-width: 512px) 100vw, 512px\" \/><\/figure><\/div>\n\n\n<h3 class=\"wp-block-heading\">Schritt 3<\/h3>\n\n\n\n<p>Nachdem dein Bild fertiggestellt ist, wird es von mir sorgf\u00e4ltig verpackt und dir zugesandt. Die Dauer von Bestellung bis zur Lieferung betr\u00e4gt etwa 4-6 Wochen.<\/p>\n\n\n\n<div class=\"wp-block-buttons is-layout-flex wp-block-buttons-is-layout-flex\">\n<div class=\"wp-block-button is-style-primary\"><a class=\"wp-block-button__link wp-element-button\" href=\"https:\/\/www.etsy.com\/de\/shop\/Aquarellchen?ref=seller-platform-mcnav\" target=\"_blank\" rel=\"noreferrer noopener\">Zum Shop<\/a><\/div>\n<\/div>\n<\/div>\n<\/div>\n\n\n\n<div style=\"height:100px\" aria-hidden=\"true\" class=\"wp-block-spacer\"><\/div>\n\n\n\n<p class=\"has-normal-font-size\">Diese k\u00fcnstlerischen Arbeiten unterliegen dem Urheberrecht und d\u00fcrfen ohne Genehmigung weder nachgestellt noch zu gewerblichen Zwecken genutzt werden. <\/p>\n\n\n\n<p><\/p>\n","protected":false},"excerpt":{"rendered":"<p>Hallo, sch\u00f6n dass du da bist. Ich freue mich, meine kleine Welt rund um meine kreative Arbeit mit dir zu teilen. Mein Herz geh\u00f6rt den urspr\u00fcnglichen Dingen, wie der Sch\u00f6nheit der Natur und dem, was sie hervorbringt &#8211; eine unglaubliche Vielfalt an Sch\u00e4tzen und Lebewesen, die durch ihre Emotionen eine Verbindung miteinander eingehen und zu&hellip;&nbsp;<a href=\"https:\/\/aquarellchen.de\/?hrf_faq=wer-hat-hier-das-sagen\" rel=\"bookmark\">Weiterlesen &raquo;<span class=\"screen-reader-text\">Ist eine R\u00fcckgabe oder ein Umtausch m\u00f6glich?<\/span><\/a><\/p>\n","protected":false},"author":1,"featured_media":0,"parent":0,"menu_order":0,"comment_status":"closed","ping_status":"closed","template":"","meta":{"neve_meta_sidebar":"full-width","neve_meta_container":"","neve_meta_enable_content_width":"on","neve_meta_content_width":100,"neve_meta_title_alignment":"","neve_meta_author_avatar":"","neve_post_elements_order":"","neve_meta_disable_header":"off","neve_meta_disable_footer":"","neve_meta_disable_title":"on","footnotes":""},"class_list":["post-186","page","type-page","status-publish","hentry"],"_links":{"self":[{"href":"https:\/\/aquarellchen.de\/index.php?rest_route=\/wp\/v2\/pages\/186","targetHints":{"allow":["GET"]}}],"collection":[{"href":"https:\/\/aquarellchen.de\/index.php?rest_route=\/wp\/v2\/pages"}],"about":[{"href":"https:\/\/aquarellchen.de\/index.php?rest_route=\/wp\/v2\/types\/page"}],"author":[{"embeddable":true,"href":"https:\/\/aquarellchen.de\/index.php?rest_route=\/wp\/v2\/users\/1"}],"replies":[{"embeddable":true,"href":"https:\/\/aquarellchen.de\/index.php?rest_route=%2Fwp%2Fv2%2Fcomments&post=186"}],"version-history":[{"count":176,"href":"https:\/\/aquarellchen.de\/index.php?rest_route=\/wp\/v2\/pages\/186\/revisions"}],"predecessor-version":[{"id":825,"href":"https:\/\/aquarellchen.de\/index.php?rest_route=\/wp\/v2\/pages\/186\/revisions\/825"}],"wp:attachment":[{"href":"https:\/\/aquarellchen.de\/index.php?rest_route=%2Fwp%2Fv2%2Fmedia&parent=186"}],"curies":[{"name":"wp","href":"https:\/\/api.w.org\/{rel}","templated":true}]}}